{"id":70,"date":"2025-04-18T12:23:24","date_gmt":"2025-04-18T12:23:24","guid":{"rendered":"https:\/\/paullinke.dkwebservice.de\/?page_id=70"},"modified":"2025-04-19T17:05:38","modified_gmt":"2025-04-19T17:05:38","slug":"zaubertricks-kaufen","status":"publish","type":"page","link":"https:\/\/paul-linke.de\/?page_id=70","title":{"rendered":"Zaubertricks kaufen"},"content":{"rendered":"<p>[et_pb_section fb_built=&#8220;1&#8243; admin_label=&#8220;Products&#8220; _builder_version=&#8220;4.20.0&#8243; _module_preset=&#8220;default&#8220; background_color=&#8220;gcid-67960745-cc0c-4d73-b86b-ef2d6023be78&#8243; collapsed=&#8220;on&#8220; global_colors_info=&#8220;{%22gcid-67960745-cc0c-4d73-b86b-ef2d6023be78%22:%91%22background_color%22%93}&#8220;][et_pb_row _builder_version=&#8220;4.20.0&#8243; _module_preset=&#8220;default&#8220; global_colors_info=&#8220;{}&#8220;][et_pb_column type=&#8220;4_4&#8243; _builder_version=&#8220;4.20.0&#8243; _module_preset=&#8220;default&#8220; global_colors_info=&#8220;{}&#8220;][et_pb_text _builder_version=&#8220;4.20.0&#8243; _module_preset=&#8220;_initial&#8220; header_font=&#8220;Arial|700|||||||&#8220; header_text_color=&#8220;#000000&#8243; header_font_size=&#8220;120px&#8220; header_letter_spacing=&#8220;-0.04em&#8220; header_font_size_tablet=&#8220;40px&#8220; header_font_size_phone=&#8220;24px&#8220; header_font_size_last_edited=&#8220;on|desktop&#8220; global_colors_info=&#8220;{}&#8220;]<\/p>\n<h1>Zauber-Shop\u00a0<\/h1>\n<p>[\/et_pb_text][\/et_pb_column][\/et_pb_row][et_pb_row column_structure=&#8220;1_2,1_2&#8243; _builder_version=&#8220;4.25.1&#8243; _module_preset=&#8220;default&#8220; background_color=&#8220;#FFFFFF&#8220; custom_margin=&#8220;20px||40px||false|true&#8220; custom_padding=&#8220;52px|20px|52px|20px|true|true&#8220; border_radii=&#8220;on|20px|20px|20px|20px&#8220; global_colors_info=&#8220;{}&#8220;][et_pb_column type=&#8220;1_2&#8243; _builder_version=&#8220;4.20.0&#8243; _module_preset=&#8220;default&#8220; global_colors_info=&#8220;{}&#8220;][et_pb_text _builder_version=&#8220;4.25.1&#8243; _module_preset=&#8220;826b3528-0fd6-4aa1-9416-420c4eb6eda4&#8243; text_font_size=&#8220;20px&#8220; custom_margin=&#8220;||31px|||&#8220; inline_fonts=&#8220;Abhaya Libre&#8220; global_colors_info=&#8220;{}&#8220;]<\/p>\n<h2><\/h2>\n<p>&nbsp;<\/p>\n<div class=\"page-title-wrapper product\">\n<h1 class=\"page-title\" style=\"text-align: left;\"><strong><span class=\"base\" data-ui-id=\"page-title-wrapper\" itemprop=\"name\" style=\"font-family: inherit; color: rgba(0, 0, 0, 0.94);\">Dice Bomb Plus<\/span><\/strong><\/h1>\n<\/div>\n<p style=\"text-align: left;\"><strong>Beschreibung:<\/strong><\/p>\n<p>Mit diesem magischen Becher kann man einen W\u00fcrfel in viele kleine verwandeln und Gedanken lesen.<\/p>\n<p><strong>Art: <\/strong>Close Up Magie<\/p>\n<p><strong>Schwierigkeitsgrad:<\/strong><br \/>Einfach<\/p>\n<p><strong>Preis: <\/strong>12,95<span style=\"font-size: 20px;\">\u20ac <strong>(inklusive deutschsprachiger Videoanleitung!)<\/strong><\/span><\/p>\n<div jsname=\"yEVEwb\">\n<div id=\"loACaIbgDIStxc8P-MLr4Q4__26\">\n<div jscontroller=\"xfmZMb\" class=\"wQiwMc related-question-pair\" data-lk=\"Gih3ZWxjaGUgMiBldXJvIG3DvG56ZSBpc3QgNzAuMDAwIOKCrCB3ZXJ0\" data-q=\"Welche 2 Euro M\u00fcnze ist 70.000 \u20ac wert?\" decode-data-ved=\"1\" jsaction=\"rcuQ6b:npT2md;aVMkAb:o7YQ2;I4dl7e:MbYi2e;uUCWgf:NlNJyb;lpDHCb:XBVdTe\" data-ved=\"2ahUKEwiGg9D0guKMAxWEVvEDHXjhOuwQq7kBKAB6BAgoEAA\">\n<div jsname=\"YrZdPb\" class=\"roMIYb o3PDvf HYvwY oST1qe g7pt6d h373nd ilulF\" data-dic=\"\" data-ullb=\"\" jscontroller=\"aD8OEe\" data-g=\"\" data-sm=\"\" jsshadow=\"\" jsaction=\"rcuQ6b:npT2md;C0pONd:mhSdVe;A0VnDe:rXa5ib;IKGI6b:VrL1hd\">\n<div data-hveid=\"CCgQAQ\" data-ved=\"2ahUKEwiGg9D0guKMAxWEVvEDHXjhOuwQj7gIegQIKBAB\">\n<div jsname=\"tJHJj\" class=\"dnXCYb\" aria-controls=\"_loACaIbgDIStxc8P-MLr4Q4_42\" aria-expanded=\"false\" role=\"button\" jsaction=\"AWEk5c\" tabindex=\"0\">\n<div class=\"p8Jhnd\" jsname=\"wgPSWd\">\n<div jsname=\"Q8Kwad\" class=\"aj35ze\"><\/div>\n<\/div>\n<div jsname=\"pcRaIe\" class=\"L3Ezfd\" data-ved=\"2ahUKEwiGg9D0guKMAxWEVvEDHXjhOuwQuk56BAgoEAI\"><\/div>\n<\/div>\n<\/div>\n<\/div>\n<\/div>\n<\/div>\n<\/div>\n<p>[\/et_pb_text][\/et_pb_column][et_pb_column type=&#8220;1_2&#8243; _builder_version=&#8220;4.20.0&#8243; _module_preset=&#8220;default&#8220; global_colors_info=&#8220;{}&#8220;][et_pb_gallery gallery_ids=&#8220;87,93&#8243; fullwidth=&#8220;on&#8220; _builder_version=&#8220;4.27.4&#8243; _module_preset=&#8220;default&#8220; global_colors_info=&#8220;{}&#8220;][\/et_pb_gallery][\/et_pb_column][\/et_pb_row][et_pb_row column_structure=&#8220;1_2,1_2&#8243; _builder_version=&#8220;4.25.1&#8243; _module_preset=&#8220;default&#8220; background_color=&#8220;#FFFFFF&#8220; custom_margin=&#8220;20px||40px||false|true&#8220; custom_padding=&#8220;20px|20px|20px|20px|true|true&#8220; border_radii=&#8220;on|20px|20px|20px|20px&#8220; global_colors_info=&#8220;{}&#8220;][et_pb_column type=&#8220;1_2&#8243; _builder_version=&#8220;4.20.0&#8243; _module_preset=&#8220;default&#8220; global_colors_info=&#8220;{}&#8220;][et_pb_text _builder_version=&#8220;4.25.1&#8243; _module_preset=&#8220;826b3528-0fd6-4aa1-9416-420c4eb6eda4&#8243; text_font_size=&#8220;20px&#8220; global_colors_info=&#8220;{}&#8220;]<\/p>\n<h2><\/h2>\n<p>&nbsp;<\/p>\n<div class=\"product-info__block-item\" data-block-id=\"title\" data-block-type=\"title\">\n<h1 class=\"product-info__title h3\"><strong>Ampelkarte<\/strong><\/h1>\n<\/div>\n<div class=\"product-info__block-item\" data-block-id=\"price\" data-block-type=\"price\">\n<div class=\"product-info__price\">\n<div class=\"rating-with-text\"><\/div>\n<\/div>\n<\/div>\n<p><strong>Beschreibung:<\/strong><\/p>\n<p><span>Dieses Kunstst\u00fcck ist ideal f\u00fcr Anf\u00e4nger. <\/span><strong><\/strong><span><\/span><span>Die Magie findet in den H\u00e4nden der Zuschauer statt! Man z<\/span>eigt zwei Karten: eine Schwarze und eine <span>die drei Farbpunkte wie eine Ampel hat. Nun gibt man die Karten in die Hand des Zuschauers und der gr\u00fcne Punkt wandert von der Ampelkarte zu der schwarzen Karte.<\/span><\/p>\n<p><span><\/span><\/p>\n<p><strong>Art: <\/strong>Close Up Magie<\/p>\n<p><strong>Schwierigkeitsgrad:<\/strong> <br \/>Einfach\u00a0<\/p>\n<p><strong>Preis: 9,50<span style=\"font-size: 20px;\">\u20ac (inklusive deutschsprachiger Videoanleitung!)<\/span><\/strong><\/p>\n<p>[\/et_pb_text][\/et_pb_column][et_pb_column type=&#8220;1_2&#8243; _builder_version=&#8220;4.20.0&#8243; _module_preset=&#8220;default&#8220; global_colors_info=&#8220;{}&#8220;][et_pb_gallery gallery_ids=&#8220;104,112&#8243; fullwidth=&#8220;on&#8220; _builder_version=&#8220;4.25.1&#8243; _module_preset=&#8220;default&#8220; min_height=&#8220;397.7px&#8220; custom_padding=&#8220;||14px|||&#8220; global_colors_info=&#8220;{}&#8220;][\/et_pb_gallery][\/et_pb_column][\/et_pb_row][et_pb_row column_structure=&#8220;1_2,1_2&#8243; _builder_version=&#8220;4.25.1&#8243; _module_preset=&#8220;default&#8220; background_color=&#8220;#FFFFFF&#8220; custom_margin=&#8220;20px||40px||false|true&#8220; custom_padding=&#8220;20px|20px|20px|20px|true|true&#8220; border_radii=&#8220;on|20px|20px|20px|20px&#8220; global_colors_info=&#8220;{}&#8220;][et_pb_column type=&#8220;1_2&#8243; _builder_version=&#8220;4.20.0&#8243; _module_preset=&#8220;default&#8220; global_colors_info=&#8220;{}&#8220;][et_pb_text _builder_version=&#8220;4.25.1&#8243; _module_preset=&#8220;826b3528-0fd6-4aa1-9416-420c4eb6eda4&#8243; text_font_size=&#8220;20px&#8220; global_colors_info=&#8220;{}&#8220;]<\/p>\n<h1 class=\"product-info__title h3\"><strong>CRAZY DOTS<\/strong><\/h1>\n<p>&nbsp;<\/p>\n<p><strong style=\"font-size: 20px;\">Beschreibung:<\/strong><\/p>\n<p>Du zeigst eine gro\u00dfe wei\u00dfe Karte mit einem schwarzen Punkt. Nach jedem Umdrehen erscheinen pl\u00f6tzlich mehr Punkte: erst vier, dann drei, dann sechs! Du erkl\u00e4rst, es liege an der Fingerplatzierung \u2013 bis du die Karte ein letztes Mal drehst und pl\u00f6tzlich acht Punkte zu sehen sind. Magisch!<\/p>\n<p><strong>Art:\u00a0<\/strong>Stand-Up (B\u00fchne)<\/p>\n<p><strong><\/strong><strong>Schwierigkeitsgrad:<\/strong> <br \/>Mittel (leichte Fingerfertigkeit ben\u00f6tigt)<\/p>\n<p><strong>Preis: 25,90<\/strong><strong style=\"font-size: 20px;\"><span style=\"font-size: 20px;\">\u20ac (inklusive deutschsprachiger Videoanleitung!)<\/span><\/strong><\/p>\n<p><strong><\/strong><\/p>\n<p>[\/et_pb_text][\/et_pb_column][et_pb_column type=&#8220;1_2&#8243; _builder_version=&#8220;4.20.0&#8243; _module_preset=&#8220;default&#8220; global_colors_info=&#8220;{}&#8220;][et_pb_gallery gallery_ids=&#8220;120&#8243; fullwidth=&#8220;on&#8220; _builder_version=&#8220;4.25.1&#8243; _module_preset=&#8220;default&#8220; global_colors_info=&#8220;{}&#8220;][\/et_pb_gallery][\/et_pb_column][\/et_pb_row][et_pb_row column_structure=&#8220;1_2,1_2&#8243; _builder_version=&#8220;4.25.1&#8243; _module_preset=&#8220;default&#8220; background_color=&#8220;#FFFFFF&#8220; custom_margin=&#8220;20px||40px||false|true&#8220; custom_padding=&#8220;20px|20px|20px|20px|true|true&#8220; border_radii=&#8220;on|20px|20px|20px|20px&#8220; global_colors_info=&#8220;{}&#8220;][et_pb_column type=&#8220;1_2&#8243; _builder_version=&#8220;4.20.0&#8243; _module_preset=&#8220;default&#8220; global_colors_info=&#8220;{}&#8220;][et_pb_text _builder_version=&#8220;4.27.4&#8243; _module_preset=&#8220;826b3528-0fd6-4aa1-9416-420c4eb6eda4&#8243; text_font_size=&#8220;20px&#8220; global_colors_info=&#8220;{}&#8220;]<\/p>\n<h2><\/h2>\n<h1 class=\"product-info__title h3\"><strong>MAGIC SHOW Coloring Book<\/strong><\/h1>\n<p>&nbsp;<\/p>\n<p><strong style=\"font-size: 20px;\">Beschreibung:<\/strong><\/p>\n<p>Du zeigst ein scheinbar leeres Malbuch. Mit etwas Zauberei und den magischen Worten der Zuschauer erscheinen pl\u00f6tzlich viele Zeichnungen \u2013 allerdings noch ohne Farbe. Nach einem weiteren Zauberspruch sind alle Bilder wie von Geisterhand bunt ausgemalt!<\/p>\n<p><strong>Art: Stand-Up (B\u00fchne)<\/strong><\/p>\n<p><strong>Schwierigkeitsgrad:<\/strong><br \/>Einfach<\/p>\n<p><strong>Preis: 14,00<strong style=\"font-size: 20px;\"><span style=\"font-size: 20px;\">\u20ac (inklusive deutschsprachiger Videoanleitung!)<\/span><\/strong><\/strong><\/p>\n<p>&nbsp;<\/p>\n<p>[\/et_pb_text][\/et_pb_column][et_pb_column type=&#8220;1_2&#8243; _builder_version=&#8220;4.20.0&#8243; _module_preset=&#8220;default&#8220; global_colors_info=&#8220;{}&#8220;][et_pb_gallery gallery_ids=&#8220;126,130&#8243; fullwidth=&#8220;on&#8220; _builder_version=&#8220;4.27.4&#8243; _module_preset=&#8220;default&#8220; global_colors_info=&#8220;{}&#8220;][\/et_pb_gallery][\/et_pb_column][\/et_pb_row][et_pb_row column_structure=&#8220;1_2,1_2&#8243; _builder_version=&#8220;4.25.1&#8243; _module_preset=&#8220;default&#8220; background_color=&#8220;#FFFFFF&#8220; custom_margin=&#8220;20px||40px||false|true&#8220; custom_padding=&#8220;20px|20px|20px|20px|true|true&#8220; border_radii=&#8220;on|20px|20px|20px|20px&#8220; global_colors_info=&#8220;{}&#8220;][et_pb_column type=&#8220;1_2&#8243; _builder_version=&#8220;4.20.0&#8243; _module_preset=&#8220;default&#8220; global_colors_info=&#8220;{}&#8220;][et_pb_text _builder_version=&#8220;4.27.4&#8243; _module_preset=&#8220;826b3528-0fd6-4aa1-9416-420c4eb6eda4&#8243; text_font_size=&#8220;20px&#8220; global_colors_info=&#8220;{}&#8220;]<\/p>\n<h2><\/h2>\n<h1 class=\"product-info__title h3\"><b>Karten Grundkurs<\/b><\/h1>\n<p>&nbsp;<\/p>\n<p><strong style=\"font-size: 20px;\">Beschreibung:<\/strong><\/p>\n<p>In diesem Grundkurs bringe ich dir die Basics der Kartenmagie bei. Du wirst lernen wie man Karten verschwinden und erscheinen l\u00e4sst, kontrolliert mischt und vieles mehr. Du bekommst von mir ein Kartenspiel speziell f\u00fcr die Zauberei und eine 30-min\u00fctige Videoanleitung.<\/p>\n<p><strong>Art: Kartenkunst<\/strong><\/p>\n<p><strong>Schwierigkeitsgrad:<\/strong><br \/>Mittel (leichte Fingerfertigkeit ben\u00f6tigt)<\/p>\n<p><strong>Preis: 29,00 \u20ac <strong style=\"font-size: 20px;\"><span style=\"font-size: 20px;\">(inklusive deutschsprachiger Videoanleitung!)<\/span><\/strong><\/strong><\/p>\n<p>&nbsp;<\/p>\n<p>[\/et_pb_text][\/et_pb_column][et_pb_column type=&#8220;1_2&#8243; _builder_version=&#8220;4.20.0&#8243; _module_preset=&#8220;default&#8220; global_colors_info=&#8220;{}&#8220;][et_pb_gallery gallery_ids=&#8220;139&#8243; fullwidth=&#8220;on&#8220; _builder_version=&#8220;4.27.4&#8243; _module_preset=&#8220;default&#8220; global_colors_info=&#8220;{}&#8220;][\/et_pb_gallery][\/et_pb_column][\/et_pb_row][et_pb_row _builder_version=&#8220;4.25.1&#8243; _module_preset=&#8220;default&#8220; global_colors_info=&#8220;{}&#8220;][et_pb_column type=&#8220;4_4&#8243; _builder_version=&#8220;4.25.1&#8243; _module_preset=&#8220;default&#8220; global_colors_info=&#8220;{}&#8220;][et_pb_text _builder_version=&#8220;4.25.1&#8243; _module_preset=&#8220;826b3528-0fd6-4aa1-9416-420c4eb6eda4&#8243; text_font_size=&#8220;20px&#8220; global_colors_info=&#8220;{}&#8220;]<\/p>\n<h2>Jetzt Zaubertricks bestellen<\/h2>\n<p>Nutzen Sie dieses Formular, um mir Ihre Bestellung mitzuteilen. Ich werde Sie dann schnell zur weiteren Abwicklung kontaktieren.\u00a0<\/p>\n<p>[\/et_pb_text][et_pb_contact_form captcha=&#8220;off&#8220; email=&#8220;info@paul-linke.de&#8220; custom_message=&#8220;Dies ist eine Nachricht aus dem Kontaktformular auf paul-linke.de||et_pb_line_break_holder||||et_pb_line_break_holder||Name: %%Name%%||et_pb_line_break_holder||E-Mail: %%Email%%||et_pb_line_break_holder||Telefon: %%telefon%%||et_pb_line_break_holder||Angebot: %%Interesse%%||et_pb_line_break_holder||||et_pb_line_break_holder||Nachricht: %%Message%%&#8220; success_message=&#8220;Danke f\u00fcr Ihre Anfrage. Ich melde mich schnellstm\u00f6glich bei Ihnen&#8220; _builder_version=&#8220;4.27.4&#8243; _module_preset=&#8220;d8ac8773-ecd9-4976-b1d3-5655dfbe18ae&#8220; locked=&#8220;off&#8220; global_colors_info=&#8220;{}&#8220;][et_pb_contact_field field_id=&#8220;Name&#8220; field_title=&#8220;Name&#8220; fullwidth_field=&#8220;on&#8220; _builder_version=&#8220;4.16&#8243; _module_preset=&#8220;default&#8220; global_colors_info=&#8220;{}&#8220; button_text_size__hover_enabled=&#8220;off&#8220; button_one_text_size__hover_enabled=&#8220;off&#8220; button_two_text_size__hover_enabled=&#8220;off&#8220; button_text_color__hover_enabled=&#8220;off&#8220; button_one_text_color__hover_enabled=&#8220;off&#8220; button_two_text_color__hover_enabled=&#8220;off&#8220; button_border_width__hover_enabled=&#8220;off&#8220; button_one_border_width__hover_enabled=&#8220;off&#8220; button_two_border_width__hover_enabled=&#8220;off&#8220; button_border_color__hover_enabled=&#8220;off&#8220; button_one_border_color__hover_enabled=&#8220;off&#8220; button_two_border_color__hover_enabled=&#8220;off&#8220; button_border_radius__hover_enabled=&#8220;off&#8220; button_one_border_radius__hover_enabled=&#8220;off&#8220; button_two_border_radius__hover_enabled=&#8220;off&#8220; button_letter_spacing__hover_enabled=&#8220;off&#8220; button_one_letter_spacing__hover_enabled=&#8220;off&#8220; button_two_letter_spacing__hover_enabled=&#8220;off&#8220; button_bg_color__hover_enabled=&#8220;off&#8220; button_one_bg_color__hover_enabled=&#8220;off&#8220; button_two_bg_color__hover_enabled=&#8220;off&#8220;][\/et_pb_contact_field][et_pb_contact_field field_id=&#8220;Email&#8220; field_title=&#8220;E-Mail&#8220; field_type=&#8220;email&#8220; fullwidth_field=&#8220;on&#8220; _builder_version=&#8220;4.25.1&#8243; _module_preset=&#8220;default&#8220; global_colors_info=&#8220;{}&#8220; button_text_size__hover_enabled=&#8220;off&#8220; button_one_text_size__hover_enabled=&#8220;off&#8220; button_two_text_size__hover_enabled=&#8220;off&#8220; button_text_color__hover_enabled=&#8220;off&#8220; button_one_text_color__hover_enabled=&#8220;off&#8220; button_two_text_color__hover_enabled=&#8220;off&#8220; button_border_width__hover_enabled=&#8220;off&#8220; button_one_border_width__hover_enabled=&#8220;off&#8220; button_two_border_width__hover_enabled=&#8220;off&#8220; button_border_color__hover_enabled=&#8220;off&#8220; button_one_border_color__hover_enabled=&#8220;off&#8220; button_two_border_color__hover_enabled=&#8220;off&#8220; button_border_radius__hover_enabled=&#8220;off&#8220; button_one_border_radius__hover_enabled=&#8220;off&#8220; button_two_border_radius__hover_enabled=&#8220;off&#8220; button_letter_spacing__hover_enabled=&#8220;off&#8220; button_one_letter_spacing__hover_enabled=&#8220;off&#8220; button_two_letter_spacing__hover_enabled=&#8220;off&#8220; button_bg_color__hover_enabled=&#8220;off&#8220; button_one_bg_color__hover_enabled=&#8220;off&#8220; button_two_bg_color__hover_enabled=&#8220;off&#8220;][\/et_pb_contact_field][et_pb_contact_field field_id=&#8220;telefonnummer&#8220; field_title=&#8220;Telefon&#8220; required_mark=&#8220;off&#8220; fullwidth_field=&#8220;on&#8220; _builder_version=&#8220;4.25.1&#8243; _module_preset=&#8220;default&#8220; global_colors_info=&#8220;{}&#8220;][\/et_pb_contact_field][et_pb_contact_field field_id=&#8220;Interesse&#8220; field_title=&#8220;Angebot ausw\u00e4hlen&#8220; field_type=&#8220;checkbox&#8220; checkbox_options=&#8220;%91{%22value%22:%22Dice Bomb Plus%22,%22checked%22:0,%22dragID%22:-1},{%22value%22:%22Ampelkarte%22,%22checked%22:0,%22dragID%22:0},{%22value%22:%22CRAZY DOTS%22,%22checked%22:0,%22dragID%22:1},{%22value%22:%22MAGIC SHOW Coloring Book%22,%22checked%22:0,%22dragID%22:2},{%22value%22:%22Karten Grundkurs%22,%22checked%22:0,%22dragID%22:3}%93&#8243; fullwidth_field=&#8220;on&#8220; _builder_version=&#8220;4.27.4&#8243; _module_preset=&#8220;default&#8220; global_colors_info=&#8220;{}&#8220;][\/et_pb_contact_field][et_pb_contact_field field_id=&#8220;Message&#8220; field_title=&#8220;Sie wollen ein Produkt mehrfach bestellen? Schreiben Sie hier, was und in welcher Anzahl Sie bestellen wollen. &#8220; field_type=&#8220;text&#8220; fullwidth_field=&#8220;on&#8220; _builder_version=&#8220;4.25.1&#8243; _module_preset=&#8220;default&#8220; global_colors_info=&#8220;{}&#8220; button_text_size__hover_enabled=&#8220;off&#8220; button_one_text_size__hover_enabled=&#8220;off&#8220; button_two_text_size__hover_enabled=&#8220;off&#8220; button_text_color__hover_enabled=&#8220;off&#8220; button_one_text_color__hover_enabled=&#8220;off&#8220; button_two_text_color__hover_enabled=&#8220;off&#8220; button_border_width__hover_enabled=&#8220;off&#8220; button_one_border_width__hover_enabled=&#8220;off&#8220; button_two_border_width__hover_enabled=&#8220;off&#8220; button_border_color__hover_enabled=&#8220;off&#8220; button_one_border_color__hover_enabled=&#8220;off&#8220; button_two_border_color__hover_enabled=&#8220;off&#8220; button_border_radius__hover_enabled=&#8220;off&#8220; button_one_border_radius__hover_enabled=&#8220;off&#8220; button_two_border_radius__hover_enabled=&#8220;off&#8220; button_letter_spacing__hover_enabled=&#8220;off&#8220; button_one_letter_spacing__hover_enabled=&#8220;off&#8220; button_two_letter_spacing__hover_enabled=&#8220;off&#8220; button_bg_color__hover_enabled=&#8220;off&#8220; button_one_bg_color__hover_enabled=&#8220;off&#8220; button_two_bg_color__hover_enabled=&#8220;off&#8220;][\/et_pb_contact_field][\/et_pb_contact_form][\/et_pb_column][\/et_pb_row][\/et_pb_section]<\/p>\n","protected":false},"excerpt":{"rendered":"<p>Zauber-Shop\u00a0 &nbsp; Dice Bomb Plus Beschreibung: Mit diesem magischen Becher kann man einen W\u00fcrfel in viele kleine verwandeln und Gedanken lesen. Art: Close Up Magie Schwierigkeitsgrad:Einfach Preis: 12,95\u20ac (inklusive deutschsprachiger Videoanleitung!) &nbsp; Ampelkarte Beschreibung: Dieses Kunstst\u00fcck ist ideal f\u00fcr Anf\u00e4nger. Die Magie findet in den H\u00e4nden der Zuschauer statt! Man zeigt zwei Karten: eine Schwarze [&hellip;]<\/p>\n","protected":false},"author":1,"featured_media":0,"parent":0,"menu_order":0,"comment_status":"closed","ping_status":"closed","template":"","meta":{"_et_pb_use_builder":"on","_et_pb_old_content":"","_et_gb_content_width":"","footnotes":""},"class_list":["post-70","page","type-page","status-publish","hentry"],"_links":{"self":[{"href":"https:\/\/paul-linke.de\/index.php?rest_route=\/wp\/v2\/pages\/70","targetHints":{"allow":["GET"]}}],"collection":[{"href":"https:\/\/paul-linke.de\/index.php?rest_route=\/wp\/v2\/pages"}],"about":[{"href":"https:\/\/paul-linke.de\/index.php?rest_route=\/wp\/v2\/types\/page"}],"author":[{"embeddable":true,"href":"https:\/\/paul-linke.de\/index.php?rest_route=\/wp\/v2\/users\/1"}],"replies":[{"embeddable":true,"href":"https:\/\/paul-linke.de\/index.php?rest_route=%2Fwp%2Fv2%2Fcomments&post=70"}],"version-history":[{"count":31,"href":"https:\/\/paul-linke.de\/index.php?rest_route=\/wp\/v2\/pages\/70\/revisions"}],"predecessor-version":[{"id":148,"href":"https:\/\/paul-linke.de\/index.php?rest_route=\/wp\/v2\/pages\/70\/revisions\/148"}],"wp:attachment":[{"href":"https:\/\/paul-linke.de\/index.php?rest_route=%2Fwp%2Fv2%2Fmedia&parent=70"}],"curies":[{"name":"wp","href":"https:\/\/api.w.org\/{rel}","templated":true}]}}