{"id":7,"date":"2025-04-18T10:39:00","date_gmt":"2025-04-18T10:39:00","guid":{"rendered":"https:\/\/paullinke.dkwebservice.de\/?page_id=7"},"modified":"2025-05-15T16:45:04","modified_gmt":"2025-05-15T16:45:04","slug":"start","status":"publish","type":"page","link":"https:\/\/paul-linke.de\/","title":{"rendered":"Start"},"content":{"rendered":"<p>[et_pb_section fb_built=&#8220;1&#8243; admin_label=&#8220;Header&#8220; _builder_version=&#8220;4.25.1&#8243; _module_preset=&#8220;default&#8220; background_color=&#8220;gcid-67960745-cc0c-4d73-b86b-ef2d6023be78&#8243; background_last_edited=&#8220;on|phone&#8220; collapsed=&#8220;on&#8220; global_colors_info=&#8220;{%22gcid-67960745-cc0c-4d73-b86b-ef2d6023be78%22:%91%22background_color%22%93}&#8220;][et_pb_row _builder_version=&#8220;4.20.0&#8243; _module_preset=&#8220;default&#8220; width=&#8220;90%&#8220; max_width=&#8220;none&#8220; custom_padding=&#8220;||0px||false|false&#8220; global_colors_info=&#8220;{}&#8220;][et_pb_column type=&#8220;4_4&#8243; _builder_version=&#8220;4.20.0&#8243; _module_preset=&#8220;default&#8220; global_colors_info=&#8220;{}&#8220;][et_pb_text _builder_version=&#8220;4.20.0&#8243; _module_preset=&#8220;c34faf0b-44ce-4889-a1de-c6715348e543&#8243; custom_margin=&#8220;||2px|||&#8220; global_colors_info=&#8220;{}&#8220;]<\/p>\n<h1>Paul Linke<\/h1>\n<p>[\/et_pb_text][et_pb_text _builder_version=&#8220;4.25.1&#8243; _module_preset=&#8220;b93163ca-b3d8-4d74-81f2-4b32f7e2eec8&#8243; global_colors_info=&#8220;{}&#8220;]<\/p>\n<h2>Zauberer &amp; Illusionist <span>\ud83e\ude84<\/span><\/h2>\n<p>[\/et_pb_text][\/et_pb_column][\/et_pb_row][et_pb_row _builder_version=&#8220;4.20.0&#8243; _module_preset=&#8220;default&#8220; width=&#8220;90%&#8220; max_width=&#8220;none&#8220; global_colors_info=&#8220;{}&#8220;][et_pb_column type=&#8220;4_4&#8243; _builder_version=&#8220;4.20.0&#8243; _module_preset=&#8220;default&#8220; global_colors_info=&#8220;{}&#8220;][et_pb_image src=&#8220;https:\/\/paul-linke.de\/wp-content\/uploads\/2025\/04\/Paul-Linke-Zauberer-Illusionist.jpg&#8220; alt=&#8220;Paul Linke Zauberer Illusionist&#8220; title_text=&#8220;Paul Linke Zauberer Illusionist&#8220; force_fullwidth=&#8220;on&#8220; _builder_version=&#8220;4.25.1&#8243; _module_preset=&#8220;default&#8220; global_colors_info=&#8220;{}&#8220;][\/et_pb_image][et_pb_button button_url=&#8220;@ET-DC@eyJkeW5hbWljIjp0cnVlLCJjb250ZW50IjoicG9zdF9saW5rX3VybF9wYWdlIiwic2V0dGluZ3MiOnsicG9zdF9pZCI6IjUzIn19@&#8220; button_text=&#8220;Jetzt Buchen&#8220; _builder_version=&#8220;4.25.1&#8243; _dynamic_attributes=&#8220;button_url&#8220; _module_preset=&#8220;a77df53c-2c0b-4dee-82da-7b0d8a45faa2&#8243; positioning=&#8220;absolute&#8220; global_colors_info=&#8220;{}&#8220;][\/et_pb_button][\/et_pb_column][\/et_pb_row][et_pb_row _builder_version=&#8220;4.20.0&#8243; _module_preset=&#8220;default&#8220; global_colors_info=&#8220;{}&#8220;][et_pb_column type=&#8220;4_4&#8243; _builder_version=&#8220;4.20.0&#8243; _module_preset=&#8220;default&#8220; global_colors_info=&#8220;{}&#8220;][et_pb_text _builder_version=&#8220;4.25.1&#8243; _module_preset=&#8220;826b3528-0fd6-4aa1-9416-420c4eb6eda4&#8243; header_2_font_size=&#8220;42px&#8220; global_colors_info=&#8220;{}&#8220;]<\/p>\n<h2>Hi! Ich bin Paul Linke, Zauberer &amp; Illusionist! \ud83e\ude84 <br \/>Mit meinen Shows begeistere ich mein Publikum, ob jung oder alt. Buchen Sie mich f\u00fcr Ihren n\u00e4chsten Geburtstag oder eine Feier.\u00a0<\/h2>\n<p>[\/et_pb_text][et_pb_button button_url=&#8220;@ET-DC@eyJkeW5hbWljIjp0cnVlLCJjb250ZW50IjoicG9zdF9saW5rX3VybF9wYWdlIiwic2V0dGluZ3MiOnsicG9zdF9pZCI6IjUzIn19@&#8220; button_text=&#8220;Jetzt Buchungsanfrage stellen&#8220; _builder_version=&#8220;4.25.1&#8243; _dynamic_attributes=&#8220;button_url&#8220; _module_preset=&#8220;a77df53c-2c0b-4dee-82da-7b0d8a45faa2&#8243; global_colors_info=&#8220;{}&#8220;][\/et_pb_button][\/et_pb_column][\/et_pb_row][\/et_pb_section][et_pb_section fb_built=&#8220;1&#8243; admin_label=&#8220;About&#8220; _builder_version=&#8220;4.20.0&#8243; _module_preset=&#8220;default&#8220; overflow-x=&#8220;hidden&#8220; overflow-y=&#8220;hidden&#8220; collapsed=&#8220;on&#8220; global_colors_info=&#8220;{}&#8220;][et_pb_row column_structure=&#8220;1_2,1_2&#8243; _builder_version=&#8220;4.20.0&#8243; _module_preset=&#8220;default&#8220; global_colors_info=&#8220;{}&#8220;][et_pb_column type=&#8220;1_2&#8243; _builder_version=&#8220;4.20.0&#8243; _module_preset=&#8220;default&#8220; global_colors_info=&#8220;{}&#8220;][et_pb_text _builder_version=&#8220;4.25.1&#8243; _module_preset=&#8220;aa41697c-960a-4ffc-86e8-4fbbff85f56c&#8220; header_4_text_color=&#8220;gcid-a3412674-3498-4142-ac08-6afad8430048&#8243; global_colors_info=&#8220;{%22gcid-a3412674-3498-4142-ac08-6afad8430048%22:%91%22header_4_text_color%22%93}&#8220;]<\/p>\n<h4>Zauberer &amp; Illusionist<\/h4>\n<p>[\/et_pb_text][et_pb_text _builder_version=&#8220;4.25.1&#8243; _module_preset=&#8220;826b3528-0fd6-4aa1-9416-420c4eb6eda4&#8243; global_colors_info=&#8220;{}&#8220;]<\/p>\n<h2>\u00dcber mich<\/h2>\n<p>[\/et_pb_text][et_pb_text _builder_version=&#8220;4.25.1&#8243; _module_preset=&#8220;fe5d67af-2510-4d19-aa5d-3c0fa7ff3db1&#8243; global_colors_info=&#8220;{}&#8220;]<\/p>\n<p>Schon als Kind hat mich die Zauberei begeistert. Meinen ersten Zauberkasten habe ich mit 8 Jahren bekommen. Seitdem ist die Zauberei meine gro\u00dfe Leidenschaft.\u00a0<\/p>\n<p>Was als Hobby begonnen hat, mache ich jetzt auch auf Veranstaltungen, Kindergeburtstagen oder Ihrer Betriebsfeier.\u00a0<\/p>\n<p>[\/et_pb_text][et_pb_button button_text=&#8220;Mehr erfahren&#8220; _builder_version=&#8220;4.25.1&#8243; _module_preset=&#8220;b9cf2b3b-59c6-4cad-a53c-af8565f648e8&#8243; global_colors_info=&#8220;{}&#8220;][\/et_pb_button][\/et_pb_column][et_pb_column type=&#8220;1_2&#8243; _builder_version=&#8220;4.20.0&#8243; _module_preset=&#8220;default&#8220; global_colors_info=&#8220;{}&#8220;][et_pb_image src=&#8220;https:\/\/paul-linke.de\/wp-content\/uploads\/2025\/04\/Paul-Linke-Zauberer-Illusionist-10.jpg&#8220; title_text=&#8220;Paul Linke Zauberer Illusionist 10&#8243; _builder_version=&#8220;4.25.1&#8243; _module_preset=&#8220;default&#8220; box_shadow_style=&#8220;preset4&#8243; box_shadow_horizontal=&#8220;16vw&#8220; box_shadow_vertical=&#8220;12vw&#8220; box_shadow_color=&#8220;gcid-67960745-cc0c-4d73-b86b-ef2d6023be78&#8243; global_colors_info=&#8220;{%22gcid-67960745-cc0c-4d73-b86b-ef2d6023be78%22:%91%22box_shadow_color%22%93}&#8220; transform_styles__hover_enabled=&#8220;on|hover&#8220; transform_scale__hover=&#8220;98%|98%&#8220; transform_scale__hover_enabled=&#8220;on|hover&#8220; transform_translate__hover_enabled=&#8220;on|desktop&#8220; transform_rotate__hover_enabled=&#8220;on|desktop&#8220; transform_skew__hover_enabled=&#8220;on|desktop&#8220; transform_origin__hover_enabled=&#8220;on|desktop&#8220;][\/et_pb_image][\/et_pb_column][\/et_pb_row][\/et_pb_section][et_pb_section fb_built=&#8220;1&#8243; admin_label=&#8220;Gallery&#8220; _builder_version=&#8220;4.20.0&#8243; _module_preset=&#8220;default&#8220; background_color=&#8220;gcid-67960745-cc0c-4d73-b86b-ef2d6023be78&#8243; collapsed=&#8220;on&#8220; global_colors_info=&#8220;{%22gcid-67960745-cc0c-4d73-b86b-ef2d6023be78%22:%91%22background_color%22%93}&#8220;][et_pb_row _builder_version=&#8220;4.25.1&#8243; _module_preset=&#8220;default&#8220; global_colors_info=&#8220;{}&#8220;][et_pb_column type=&#8220;4_4&#8243; _builder_version=&#8220;4.25.1&#8243; _module_preset=&#8220;default&#8220; global_colors_info=&#8220;{}&#8220;][et_pb_text _builder_version=&#8220;4.25.1&#8243; _module_preset=&#8220;826b3528-0fd6-4aa1-9416-420c4eb6eda4&#8243; global_colors_info=&#8220;{}&#8220;]<\/p>\n<h2>Mein Angebot<\/h2>\n<p>[\/et_pb_text][et_pb_pricing_tables featured_table_subheader_text_color=&#8220;#000000&#8243; featured_table_bullet_color=&#8220;#000000&#8243; bullet_color=&#8220;#000000&#8243; _builder_version=&#8220;4.25.1&#8243; _module_preset=&#8220;default&#8220; price_text_color=&#8220;#000000&#8243; subheader_text_color=&#8220;#000000&#8243; header_text_color=&#8220;#000000&#8243; header_font=&#8220;|700|||||||&#8220; price_font_size=&#8220;45px&#8220; min_height=&#8220;372.8px&#8220; custom_padding=&#8220;||24px|||&#8220; global_colors_info=&#8220;{}&#8220;][et_pb_pricing_table title=&#8220;Zauber-Show&#8220; subtitle=&#8220;Ein magisches Erlebnis&#8220; _builder_version=&#8220;4.25.1&#8243; _module_preset=&#8220;default&#8220; global_colors_info=&#8220;{}&#8220; sticky_transition=&#8220;on&#8220;]<\/p>\n<p>Ich komme zu Ihnen und trete mit meiner 30-Min\u00fctigen Show voller Magie &amp; Entertainment bei Ihnen auf.<\/p>\n<p>Wahlweise mit magischen Abschiedst\u00fcten (8\u20ac pro T\u00fcte)<\/p>\n<p>[\/et_pb_pricing_table][et_pb_pricing_table title=&#8220;Zauber-Workshop&#8220; subtitle=&#8220;Die Zauberschule f\u00fcr Gro\u00df und Klein&#8220; _builder_version=&#8220;4.25.1&#8243; _module_preset=&#8220;default&#8220; global_colors_info=&#8220;{}&#8220; sticky_transition=&#8220;on&#8220;]<\/p>\n<p>Bei meinem Zauber-Workshop (45 Minuten) bringe ich Klein und Gro\u00df magische Tricks und die Geheimnisse des Zauberns bei.\u00a0<\/p>\n<p>Wahlweise mit magischen Abschiedst\u00fcten (8\u20ac pro T\u00fcte)<\/p>\n<p>[\/et_pb_pricing_table][et_pb_pricing_table title=&#8220;Individuelles Angebot&#8220; subtitle=&#8220;Zaubern nach Ihren W\u00fcnschen&#8220; _builder_version=&#8220;4.25.1&#8243; _module_preset=&#8220;default&#8220; global_colors_info=&#8220;{}&#8220; sticky_transition=&#8220;on&#8220;]<\/p>\n<p>Gerne mache ich Ihnen ein ganz spezielles Angebot f\u00fcr eine Show oder einen Workshop. Von 15 Minuten bis ganzt\u00e4gigen Workshops ist alles m\u00f6glich. Ich freue mich auf Ihre Anfrage.\u00a0<\/p>\n<p>[\/et_pb_pricing_table][\/et_pb_pricing_tables][\/et_pb_column][\/et_pb_row][et_pb_row _builder_version=&#8220;4.25.1&#8243; _module_preset=&#8220;default&#8220; global_colors_info=&#8220;{}&#8220;][et_pb_column type=&#8220;4_4&#8243; _builder_version=&#8220;4.25.1&#8243; _module_preset=&#8220;default&#8220; global_colors_info=&#8220;{}&#8220;][et_pb_button button_url=&#8220;@ET-DC@eyJkeW5hbWljIjp0cnVlLCJjb250ZW50IjoicG9zdF9saW5rX3VybF9wYWdlIiwic2V0dGluZ3MiOnsicG9zdF9pZCI6IjUzIn19@&#8220; button_text=&#8220;Jetzt Buchungsanfrage stellen&#8220; button_alignment=&#8220;center&#8220; _builder_version=&#8220;4.25.1&#8243; _dynamic_attributes=&#8220;button_url&#8220; _module_preset=&#8220;a77df53c-2c0b-4dee-82da-7b0d8a45faa2&#8243; global_colors_info=&#8220;{}&#8220;][\/et_pb_button][\/et_pb_column][\/et_pb_row][\/et_pb_section][et_pb_section fb_built=&#8220;1&#8243; _builder_version=&#8220;4.25.1&#8243; _module_preset=&#8220;default&#8220; global_colors_info=&#8220;{}&#8220;][et_pb_row _builder_version=&#8220;4.25.1&#8243; _module_preset=&#8220;default&#8220; global_colors_info=&#8220;{}&#8220;][et_pb_column type=&#8220;4_4&#8243; _builder_version=&#8220;4.25.1&#8243; _module_preset=&#8220;default&#8220; global_colors_info=&#8220;{}&#8220;][et_pb_text _builder_version=&#8220;4.25.1&#8243; _module_preset=&#8220;826b3528-0fd6-4aa1-9416-420c4eb6eda4&#8243; global_colors_info=&#8220;{}&#8220;]<\/p>\n<h2>Impressionen von meinen Shows<\/h2>\n<p>[\/et_pb_text][et_pb_gallery gallery_ids=&#8220;37,29,28,36,35,34,33,32,31,30,27,25&#8243; show_title_and_caption=&#8220;off&#8220; _builder_version=&#8220;4.25.1&#8243; _module_preset=&#8220;default&#8220; global_colors_info=&#8220;{}&#8220;][\/et_pb_gallery][\/et_pb_column][\/et_pb_row][\/et_pb_section][et_pb_section fb_built=&#8220;1&#8243; disabled_on=&#8220;on|on|on&#8220; admin_label=&#8220;Countdown&#8220; _builder_version=&#8220;4.25.1&#8243; _module_preset=&#8220;default&#8220; background_color=&#8220;gcid-67960745-cc0c-4d73-b86b-ef2d6023be78&#8243; use_background_color_gradient=&#8220;on&#8220; background_color_gradient_stops=&#8220;rgba(0,0,0,0.31) 1%|rgba(0,0,0,0.07) 100%&#8220; background_color_gradient_overlays_image=&#8220;on&#8220; background_image=&#8220;https:\/\/paul-linke.de\/wp-content\/uploads\/2025\/04\/Paul-Linke-Zauberer-Illusionist-7.jpg&#8220; custom_padding=&#8220;||8vw||false|false&#8220; disabled=&#8220;on&#8220; collapsed=&#8220;on&#8220; global_colors_info=&#8220;{%22gcid-67960745-cc0c-4d73-b86b-ef2d6023be78%22:%91%22background_color%22%93}&#8220;][et_pb_row column_structure=&#8220;3_4,1_4&#8243; _builder_version=&#8220;4.20.0&#8243; _module_preset=&#8220;default&#8220; global_colors_info=&#8220;{}&#8220;][et_pb_column type=&#8220;3_4&#8243; _builder_version=&#8220;4.20.0&#8243; _module_preset=&#8220;default&#8220; global_colors_info=&#8220;{}&#8220;][et_pb_text _builder_version=&#8220;4.25.1&#8243; _module_preset=&#8220;b93163ca-b3d8-4d74-81f2-4b32f7e2eec8&#8243; header_2_text_color=&#8220;#FFFFFF&#8220; global_colors_info=&#8220;{}&#8220;]<\/p>\n<h2>Neue Zaubershow: Dreams<\/h2>\n<p>[\/et_pb_text][et_pb_text _builder_version=&#8220;4.25.1&#8243; _module_preset=&#8220;default&#8220; text_font=&#8220;|700|||||||&#8220; text_text_color=&#8220;#FFFFFF&#8220; text_font_size=&#8220;18px&#8220; global_colors_info=&#8220;{}&#8220;]<\/p>\n<p>Meine neue Show &#8222;Dreams&#8220; startet diesen September. Seid dabei und erfahrt, was f\u00fcr euch Tr\u00e4ume sind.\u00a0<\/p>\n<p>11.09.2025 15 Uhr | Kammerspiele, Kleinmachnow<\/p>\n<p>15.09.2025 16 Uhr | Kammerspiele, Kleinmachnow<\/p>\n<p>[\/et_pb_text][et_pb_button button_url=&#8220;@ET-DC@eyJkeW5hbWljIjp0cnVlLCJjb250ZW50IjoicG9zdF9saW5rX3VybF9wYWdlIiwic2V0dGluZ3MiOnsicG9zdF9pZCI6IjUzIn19@&#8220; button_text=&#8220; Jetzt Karten kaufen&#8220; _builder_version=&#8220;4.25.1&#8243; _dynamic_attributes=&#8220;button_url&#8220; _module_preset=&#8220;a77df53c-2c0b-4dee-82da-7b0d8a45faa2&#8243; global_colors_info=&#8220;{}&#8220;][\/et_pb_button][\/et_pb_column][et_pb_column type=&#8220;1_4&#8243; _builder_version=&#8220;4.20.0&#8243; _module_preset=&#8220;default&#8220; global_colors_info=&#8220;{}&#8220;][\/et_pb_column][\/et_pb_row][\/et_pb_section]<\/p>\n","protected":false},"excerpt":{"rendered":"<p>Hi! Ich bin Paul Linke, Zauberer &#038; Illusionist! \ud83e\ude84<br \/>\nMit meinen Shows begeistere ich mein Publikum, ob jung oder alt. Buchen Sie mich f\u00fcr Ihren n\u00e4chsten Geburtstag oder eine Feier. <\/p>\n","protected":false},"author":1,"featured_media":36,"parent":0,"menu_order":0,"comment_status":"closed","ping_status":"closed","template":"","meta":{"_et_pb_use_builder":"on","_et_pb_old_content":"","_et_gb_content_width":"","footnotes":""},"class_list":["post-7","page","type-page","status-publish","has-post-thumbnail","hentry"],"_links":{"self":[{"href":"https:\/\/paul-linke.de\/index.php?rest_route=\/wp\/v2\/pages\/7","targetHints":{"allow":["GET"]}}],"collection":[{"href":"https:\/\/paul-linke.de\/index.php?rest_route=\/wp\/v2\/pages"}],"about":[{"href":"https:\/\/paul-linke.de\/index.php?rest_route=\/wp\/v2\/types\/page"}],"author":[{"embeddable":true,"href":"https:\/\/paul-linke.de\/index.php?rest_route=\/wp\/v2\/users\/1"}],"replies":[{"embeddable":true,"href":"https:\/\/paul-linke.de\/index.php?rest_route=%2Fwp%2Fv2%2Fcomments&post=7"}],"version-history":[{"count":18,"href":"https:\/\/paul-linke.de\/index.php?rest_route=\/wp\/v2\/pages\/7\/revisions"}],"predecessor-version":[{"id":194,"href":"https:\/\/paul-linke.de\/index.php?rest_route=\/wp\/v2\/pages\/7\/revisions\/194"}],"wp:featuredmedia":[{"embeddable":true,"href":"https:\/\/paul-linke.de\/index.php?rest_route=\/wp\/v2\/media\/36"}],"wp:attachment":[{"href":"https:\/\/paul-linke.de\/index.php?rest_route=%2Fwp%2Fv2%2Fmedia&parent=7"}],"curies":[{"name":"wp","href":"https:\/\/api.w.org\/{rel}","templated":true}]}}